{"id":8,"date":"2024-02-16T14:10:19","date_gmt":"2024-02-16T14:10:19","guid":{"rendered":"https:\/\/animashala.com\/?page_id=8"},"modified":"2025-01-21T17:41:56","modified_gmt":"2025-01-21T17:41:56","slug":"biografia","status":"publish","type":"page","link":"https:\/\/animashala.com\/it\/biografia\/","title":{"rendered":"Biografia"},"content":{"rendered":"<style>\/*! elementor - v3.21.0 - 26-05-2024 *\/\n.elementor-heading-title{padding:0;margin:0;line-height:1}.elementor-widget-heading .elementor-heading-title[class*=elementor-size-]>a{color:inherit;font-size:inherit;line-height:inherit}.elementor-widget-heading .elementor-heading-title.elementor-size-small{font-size:15px}.elementor-widget-heading .elementor-heading-title.elementor-size-medium{font-size:19px}.elementor-widget-heading .elementor-heading-title.elementor-size-large{font-size:29px}.elementor-widget-heading .elementor-heading-title.elementor-size-xl{font-size:39px}.elementor-widget-heading .elementor-heading-title.elementor-size-xxl{font-size:59px}<\/style>\n<h5>Satya Francesca<\/h5>\n<h2>Il mio scopo \u00e8 seguire l'intuito del mio cuore per seminare bellezza ovunque mi trovi. Essere un canale creativo tra il Cielo e la Terra. Essere un ponte tra il divino e l'umano, vivere la vita come una grande avventura e aiutare le persone a diventare sempre pi\u00f9 responsabili del proprio benessere, integrando la propria luce e la propria ombra<\/h2>\n<p>Cara Anima, grazie per essere qui. \u00c8 con immenso piacere che mi presento a te.<\/p>\n<p>Mi chiamo Satya Francesca, sono di origine italiana, da parte di padre,  e croata da parte di madre . Fin da piccola ho sentito una chiamata, un profondo desiderio di viaggiare e conoscere culture straniere. Questa passione per i \"mondi altri\"  mi ha portata a studiare Antropologia e a laurearmi con una tesi in Messico, un'esperienza che mi ha segnata profondamente, lasciandomi ancora pi\u00f9 innamorata della bellezza delle tradizioni dei popoli e delle culture  indigene.<\/p>\n<style>\/*! elementor - v3.21.0 - 26-05-2024 *\/\n.elementor-widget-image{text-align:center}.elementor-widget-image a{display:inline-block}.elementor-widget-image a img[src$=\".svg\"]{width:48px}.elementor-widget-image img{vertical-align:middle;display:inline-block}<\/style>\n<p>\t\t\t\t\t\t\t\t\t\t<img fetchpriority=\"high\" decoding=\"async\" width=\"800\" height=\"800\" src=\"https:\/\/animashala.com\/wp-content\/uploads\/2024\/02\/ANIMA_LOGOS_CURVA-02-1024x1024.png\" alt=\"\" srcset=\"https:\/\/animashala.com\/wp-content\/uploads\/2024\/02\/ANIMA_LOGOS_CURVA-02-1024x1024.png 1024w, https:\/\/animashala.com\/wp-content\/uploads\/2024\/02\/ANIMA_LOGOS_CURVA-02-300x300.png 300w, https:\/\/animashala.com\/wp-content\/uploads\/2024\/02\/ANIMA_LOGOS_CURVA-02-150x150.png 150w, https:\/\/animashala.com\/wp-content\/uploads\/2024\/02\/ANIMA_LOGOS_CURVA-02-768x768.png 768w, https:\/\/animashala.com\/wp-content\/uploads\/2024\/02\/ANIMA_LOGOS_CURVA-02-1536x1536.png 1536w, https:\/\/animashala.com\/wp-content\/uploads\/2024\/02\/ANIMA_LOGOS_CURVA-02-2048x2048.png 2048w\" sizes=\"(max-width: 800px) 100vw, 800px\" \/>\t\t\t\t\t\t\t\t\t\t\t\t\t<\/p>\n<p>Durante gli anni universitari ho  iniziato a praticare lo Hatha Yoga e il  Kundalini Yoga. Lo yoga mi ha dato l'opportunit\u00e0 di sperimentare in prima persona l'interesse che avevo sempre avuto per mondi e culture diverse, e di intraprendere l'avventura pi\u00f9 grande: quella dell'esplorazione interiore , il viaggio di ritorno a casa<\/p>\n<p>Lo Yoga ha piano piano assunto sempre pi\u00f9 importanza nella mia vita.<\/p>\n<p>Nel 2008 mi sono trasferita a  Barcellona per un Master in Cinema Documentario, e qui  ho scoperto  la Shakti Dance (lo Yoga della danza) e da allora ho continuato a studiare e insegnare questa disciplina che ha portato tanti benefici nella mia vita.<\/p>\n<p>Con l&#039;amore per lo Yoga sono iniziati i miei primi viaggi in India, dove ho avuto l&#039;opportunit\u00e0 di studiare e praticare con Insegnanti di altissimo livello. Parallelamente allo Yoga, ho continuato a coltivare la passione per la danza, come espressione diretta dell&#039;anima e percorso spirituale. Dalla danza afrobrasiliana, alla danza del ventre, alla danza di contatto tra le altre, fino ad innamorarmi profondamente delle Danze della Pace Universale che ho conosciuto in Colombia nel 2012. Dal 2012 vivo 7 anni in Ecuador, un paese che amo . moltissimo e che porto in un posto privilegiato nel mio cuore perch\u00e9 mi ha dato la possibilit\u00e0 di essere mamma. Nel 2015 \u00e8 nata Lua Sofia, aprendomi all&#039;amore pi\u00f9 puro che avessi mai sperimentato. In Ecuador mi sono anche immerso nella ricchezza delle tradizioni dei popoli nativi andini e amazzonici, che ho avuto la benedizione di poter avvicinare e sperimentare con uomini e donne di grande saggezza.<\/p>\n<p>\t\t\t\t\t\t\t\t\t\t\t\t\t<img decoding=\"async\" width=\"800\" height=\"912\" src=\"https:\/\/animashala.com\/wp-content\/uploads\/2024\/04\/WhatsApp-Image-2024-04-11-at-11.24.46-AM-898x1024.jpeg\" alt=\"\" srcset=\"https:\/\/animashala.com\/wp-content\/uploads\/2024\/04\/WhatsApp-Image-2024-04-11-at-11.24.46-AM-898x1024.jpeg 898w, https:\/\/animashala.com\/wp-content\/uploads\/2024\/04\/WhatsApp-Image-2024-04-11-at-11.24.46-AM-263x300.jpeg 263w, https:\/\/animashala.com\/wp-content\/uploads\/2024\/04\/WhatsApp-Image-2024-04-11-at-11.24.46-AM-768x876.jpeg 768w, https:\/\/animashala.com\/wp-content\/uploads\/2024\/04\/WhatsApp-Image-2024-04-11-at-11.24.46-AM-1347x1536.jpeg 1347w, https:\/\/animashala.com\/wp-content\/uploads\/2024\/04\/WhatsApp-Image-2024-04-11-at-11.24.46-AM-11x12.jpeg 11w, https:\/\/animashala.com\/wp-content\/uploads\/2024\/04\/WhatsApp-Image-2024-04-11-at-11.24.46-AM.jpeg 1409w\" sizes=\"(max-width: 800px) 100vw, 800px\" \/><br \/>\n\t\t\t\t\t\t\t\t\t\t\t\t\t<img decoding=\"async\" width=\"800\" height=\"1000\" src=\"https:\/\/animashala.com\/wp-content\/uploads\/2024\/04\/WhatsApp-Image-2024-04-11-at-11.24.50-AM-819x1024.jpeg\" alt=\"\" srcset=\"https:\/\/animashala.com\/wp-content\/uploads\/2024\/04\/WhatsApp-Image-2024-04-11-at-11.24.50-AM-819x1024.jpeg 819w, https:\/\/animashala.com\/wp-content\/uploads\/2024\/04\/WhatsApp-Image-2024-04-11-at-11.24.50-AM-240x300.jpeg 240w, https:\/\/animashala.com\/wp-content\/uploads\/2024\/04\/WhatsApp-Image-2024-04-11-at-11.24.50-AM-768x960.jpeg 768w, https:\/\/animashala.com\/wp-content\/uploads\/2024\/04\/WhatsApp-Image-2024-04-11-at-11.24.50-AM-10x12.jpeg 10w, https:\/\/animashala.com\/wp-content\/uploads\/2024\/04\/WhatsApp-Image-2024-04-11-at-11.24.50-AM.jpeg 900w\" sizes=\"(max-width: 800px) 100vw, 800px\" \/>\t\t\t\t\t\t\t\t\t\t\t\t\t<\/p>\n<p>Nel 2017 ho scoperto il metodo della Respirazione Ovarica e dell&#039;Alchimia Femminile di Sajeeva Hurtado, e da allora mi specializzo soprattutto nelle pratiche di sessualit\u00e0 tantrica e sacra.<\/p>\n<p>Dal 2019 ho iniziato a dedicarmi all&#039;Astrologia Evolutiva Terapeutica, studiando con il maestro cileno Pablo Flores.<\/p>\n<p>Nel 2020, in piena pandemia, ho conosciuto Selene Calloni Williams, l&#039;insegnante di Yoga Sciamanico che da 4 anni ha cambiato radicalmente il mio modo di percepire il mondo, con i suoi potenti insegnamenti e pratiche.<\/p>\n<p>Dal 2021 condivido cerimonie con Cocoa Medicine, nel modo che mi ha trasmesso la mia insegnante di Cocoa, Maria Cacho, meravigliosa artista e donna medicina del Messico.\u00a0<\/p>\n<p>Attualmente vivo in Italia, in una bellissima cittadina vicino Roma, e mi dedico all&#039;insegnamento, alla diffusione e alla condivisione delle mie passioni, di persona e online,\u00a0<\/p>\n<p>con tutte le persone desiderose di trasformare la propria vita e aprirsi al raggiungimento di un livello di benessere pi\u00f9 elevato.<\/p>","protected":false},"excerpt":{"rendered":"<p>Satya Francesca Il mio scopo \u00e8 seguire i desideri del mio cuore nel seminare bellezza nel mio ambiente. Sii un canale creativo tra Cielo e Terra. Sii un ponte tra il divino e l\u2019umano, vivi la vita come una grande avventura e aiuta le persone a diventare sempre pi\u00f9 responsabili [\u2026]<\/p>","protected":false},"author":1,"featured_media":0,"parent":0,"menu_order":0,"comment_status":"closed","ping_status":"closed","template":"","meta":{"_surecart_dashboard_logo_width":"180px","_surecart_dashboard_show_logo":true,"_surecart_dashboard_navigation_orders":true,"_surecart_dashboard_navigation_subscriptions":true,"_surecart_dashboard_navigation_downloads":true,"_surecart_dashboard_navigation_billing":true,"_surecart_dashboard_navigation_account":true,"footnotes":""},"class_list":["post-8","page","type-page","status-publish","hentry"],"_links":{"self":[{"href":"https:\/\/animashala.com\/it\/wp-json\/wp\/v2\/pages\/8","targetHints":{"allow":["GET"]}}],"collection":[{"href":"https:\/\/animashala.com\/it\/wp-json\/wp\/v2\/pages"}],"about":[{"href":"https:\/\/animashala.com\/it\/wp-json\/wp\/v2\/types\/page"}],"author":[{"embeddable":true,"href":"https:\/\/animashala.com\/it\/wp-json\/wp\/v2\/users\/1"}],"replies":[{"embeddable":true,"href":"https:\/\/animashala.com\/it\/wp-json\/wp\/v2\/comments?post=8"}],"version-history":[{"count":49,"href":"https:\/\/animashala.com\/it\/wp-json\/wp\/v2\/pages\/8\/revisions"}],"predecessor-version":[{"id":1135,"href":"https:\/\/animashala.com\/it\/wp-json\/wp\/v2\/pages\/8\/revisions\/1135"}],"wp:attachment":[{"href":"https:\/\/animashala.com\/it\/wp-json\/wp\/v2\/media?parent=8"}],"curies":[{"name":"wp","href":"https:\/\/api.w.org\/{rel}","templated":true}]}}