{"id":10,"date":"2024-02-16T14:10:32","date_gmt":"2024-02-16T14:10:32","guid":{"rendered":"https:\/\/animashala.com\/?page_id=10"},"modified":"2024-09-06T10:49:06","modified_gmt":"2024-09-06T10:49:06","slug":"servicios","status":"publish","type":"page","link":"https:\/\/animashala.com\/it\/servicios\/","title":{"rendered":"Servizi"},"content":{"rendered":"<div data-elementor-type=\"wp-page\" data-elementor-id=\"10\" class=\"elementor elementor-10\" data-elementor-post-type=\"page\">\n\t\t\t\t\t\t<section data-dce-background-image-url=\"https:\/\/animashala.com\/wp-content\/uploads\/2024\/03\/WhatsApp-Image-2024-02-20-at-7.27.16-AM-3.jpeg\" class=\"elementor-section elementor-top-section elementor-element elementor-element-61b5879 elementor-section-height-min-height elementor-section-boxed elementor-section-height-default elementor-section-items-middle\" data-id=\"61b5879\" data-element_type=\"section\" data-e-type=\"section\" data-settings=\"{&quot;background_background&quot;:&quot;classic&quot;}\">\n\t\t\t\t\t\t<div class=\"elementor-container elementor-column-gap-default\">\n\t\t\t\t\t<div class=\"elementor-column elementor-col-50 elementor-top-column elementor-element elementor-element-ce447ab\" data-id=\"ce447ab\" data-element_type=\"column\" data-e-type=\"column\">\n\t\t\t<div class=\"elementor-widget-wrap elementor-element-populated\">\n\t\t\t\t\t\t<div class=\"elementor-element elementor-element-3564bb3 elementor-widget elementor-widget-heading\" data-id=\"3564bb3\" data-element_type=\"widget\" data-e-type=\"widget\" data-widget_type=\"heading.default\">\n\t\t\t\t<div class=\"elementor-widget-container\">\n\t\t\t\t\t<h2 class=\"elementor-heading-title elementor-size-default\">Servizi<\/h2>\t\t\t\t<\/div>\n\t\t\t\t<\/div>\n\t\t\t\t<div class=\"elementor-element elementor-element-e75e307 dce_masking-none elementor-widget elementor-widget-image\" data-id=\"e75e307\" data-element_type=\"widget\" data-e-type=\"widget\" data-widget_type=\"image.default\">\n\t\t\t\t<div class=\"elementor-widget-container\">\n\t\t\t\t\t\t\t\t\t\t\t\t\t\t\t<img fetchpriority=\"high\" decoding=\"async\" width=\"800\" height=\"356\" src=\"https:\/\/animashala.com\/wp-content\/uploads\/2024\/02\/ANIMA_LOGOS_CURVA-31-1024x456.png\" class=\"attachment-large size-large wp-image-110\" alt=\"\" srcset=\"https:\/\/animashala.com\/wp-content\/uploads\/2024\/02\/ANIMA_LOGOS_CURVA-31-1024x456.png 1024w, https:\/\/animashala.com\/wp-content\/uploads\/2024\/02\/ANIMA_LOGOS_CURVA-31-300x134.png 300w, https:\/\/animashala.com\/wp-content\/uploads\/2024\/02\/ANIMA_LOGOS_CURVA-31-768x342.png 768w, https:\/\/animashala.com\/wp-content\/uploads\/2024\/02\/ANIMA_LOGOS_CURVA-31-1536x684.png 1536w, https:\/\/animashala.com\/wp-content\/uploads\/2024\/02\/ANIMA_LOGOS_CURVA-31-2048x912.png 2048w\" sizes=\"(max-width: 800px) 100vw, 800px\" \/>\t\t\t\t\t\t\t\t\t\t\t\t\t\t\t<\/div>\n\t\t\t\t<\/div>\n\t\t\t\t\t<\/div>\n\t\t<\/div>\n\t\t\t\t<div class=\"elementor-column elementor-col-50 elementor-top-column elementor-element elementor-element-ee57222\" data-id=\"ee57222\" data-element_type=\"column\" data-e-type=\"column\">\n\t\t\t<div class=\"elementor-widget-wrap\">\n\t\t\t\t\t\t\t<\/div>\n\t\t<\/div>\n\t\t\t\t\t<\/div>\n\t\t<\/section>\n\t\t\t\t<section data-dce-background-image-url=\"https:\/\/animashala.com\/wp-content\/uploads\/2024\/04\/para-fondos-2-scaled.jpg\" class=\"elementor-section elementor-top-section elementor-element elementor-element-6a5677b elementor-section-height-min-height elementor-section-boxed elementor-section-height-default elementor-section-items-middle\" data-id=\"6a5677b\" data-element_type=\"section\" data-e-type=\"section\" data-settings=\"{&quot;background_background&quot;:&quot;classic&quot;}\">\n\t\t\t\t\t\t<div class=\"elementor-container elementor-column-gap-default\">\n\t\t\t\t\t<div class=\"elementor-column elementor-col-50 elementor-top-column elementor-element elementor-element-01cb913\" data-id=\"01cb913\" data-element_type=\"column\" data-e-type=\"column\">\n\t\t\t<div class=\"elementor-widget-wrap elementor-element-populated\">\n\t\t\t\t\t\t<div class=\"elementor-element elementor-element-5fbbf60 elementor-widget elementor-widget-heading\" data-id=\"5fbbf60\" data-element_type=\"widget\" data-e-type=\"widget\" data-widget_type=\"heading.default\">\n\t\t\t\t<div class=\"elementor-widget-container\">\n\t\t\t\t\t<h2 class=\"elementor-heading-title elementor-size-default\">Yoga Sciamanico<\/h2>\t\t\t\t<\/div>\n\t\t\t\t<\/div>\n\t\t\t\t<div class=\"elementor-element elementor-element-d08b64e elementor-widget elementor-widget-heading\" data-id=\"d08b64e\" data-element_type=\"widget\" data-e-type=\"widget\" data-widget_type=\"heading.default\">\n\t\t\t\t<div class=\"elementor-widget-container\">\n\t\t\t\t\t<h2 class=\"elementor-heading-title elementor-size-default\">Lo Yoga dell&#039;Essenza.<\/h2>\t\t\t\t<\/div>\n\t\t\t\t<\/div>\n\t\t\t\t<div class=\"elementor-element elementor-element-48e3e87 elementor-widget elementor-widget-text-editor\" data-id=\"48e3e87\" data-element_type=\"widget\" data-e-type=\"widget\" data-widget_type=\"text-editor.default\">\n\t\t\t\t<div class=\"elementor-widget-container\">\n\t\t\t\t\t\t\t\t\t<p><span style=\"font-weight: 400;\">Libera e aumenta il potere creativo e immaginativo della tua anima attraverso lo Yoga Sciamanico, lo Yoga dell&#039;Essenza.<\/span><\/p>\t\t\t\t\t\t\t\t<\/div>\n\t\t\t\t<\/div>\n\t\t\t\t<div class=\"elementor-element elementor-element-f4f67c5 elementor-widget elementor-widget-text-editor\" data-id=\"f4f67c5\" data-element_type=\"widget\" data-e-type=\"widget\" data-widget_type=\"text-editor.default\">\n\t\t\t\t<div class=\"elementor-widget-container\">\n\t\t\t\t\t\t\t\t\t<p>\u00a0(Selene Calloni Williams).<\/p>\t\t\t\t\t\t\t\t<\/div>\n\t\t\t\t<\/div>\n\t\t\t\t<div class=\"elementor-element elementor-element-b45b775 elementor-align-center elementor-widget elementor-widget-button\" data-id=\"b45b775\" data-element_type=\"widget\" data-e-type=\"widget\" data-widget_type=\"button.default\">\n\t\t\t\t<div class=\"elementor-widget-container\">\n\t\t\t\t\t\t\t\t\t<div class=\"elementor-button-wrapper\">\n\t\t\t\t\t<a class=\"elementor-button elementor-button-link elementor-size-sm\" href=\"https:\/\/animashala.com\/it\/yoga-chamanico\/\">\n\t\t\t\t\t\t<span class=\"elementor-button-content-wrapper\">\n\t\t\t\t\t\t\t\t\t<span class=\"elementor-button-text\">Continua a leggere..<\/span>\n\t\t\t\t\t<\/span>\n\t\t\t\t\t<\/a>\n\t\t\t\t<\/div>\n\t\t\t\t\t\t\t\t<\/div>\n\t\t\t\t<\/div>\n\t\t\t\t\t<\/div>\n\t\t<\/div>\n\t\t\t\t<div class=\"elementor-column elementor-col-50 elementor-top-column elementor-element elementor-element-53b51fd\" data-id=\"53b51fd\" data-element_type=\"column\" data-e-type=\"column\">\n\t\t\t<div class=\"elementor-widget-wrap elementor-element-populated\">\n\t\t\t\t\t\t<div class=\"elementor-element elementor-element-272fa11 dce_masking-none elementor-widget elementor-widget-image\" data-id=\"272fa11\" data-element_type=\"widget\" data-e-type=\"widget\" data-widget_type=\"image.default\">\n\t\t\t\t<div class=\"elementor-widget-container\">\n\t\t\t\t\t\t\t\t\t\t\t\t\t\t\t<img decoding=\"async\" width=\"785\" height=\"1024\" src=\"https:\/\/animashala.com\/wp-content\/uploads\/2024\/04\/Yoga-chamanico-785x1024.jpg\" class=\"attachment-large size-large wp-image-434\" alt=\"\" srcset=\"https:\/\/animashala.com\/wp-content\/uploads\/2024\/04\/Yoga-chamanico-785x1024.jpg 785w, https:\/\/animashala.com\/wp-content\/uploads\/2024\/04\/Yoga-chamanico-230x300.jpg 230w, https:\/\/animashala.com\/wp-content\/uploads\/2024\/04\/Yoga-chamanico-768x1002.jpg 768w, https:\/\/animashala.com\/wp-content\/uploads\/2024\/04\/Yoga-chamanico-1177x1536.jpg 1177w, https:\/\/animashala.com\/wp-content\/uploads\/2024\/04\/Yoga-chamanico-1569x2048.jpg 1569w, https:\/\/animashala.com\/wp-content\/uploads\/2024\/04\/Yoga-chamanico-9x12.jpg 9w, https:\/\/animashala.com\/wp-content\/uploads\/2024\/04\/Yoga-chamanico.jpg 1905w\" sizes=\"(max-width: 785px) 100vw, 785px\" \/>\t\t\t\t\t\t\t\t\t\t\t\t\t\t\t<\/div>\n\t\t\t\t<\/div>\n\t\t\t\t\t<\/div>\n\t\t<\/div>\n\t\t\t\t\t<\/div>\n\t\t<\/section>\n\t\t\t\t<section data-dce-background-overlay-color=\"#FFFFFF\" data-dce-background-image-url=\"https:\/\/animashala.com\/wp-content\/uploads\/2024\/04\/ANIMA_TEMPLATE-06.png\" class=\"elementor-section elementor-top-section elementor-element elementor-element-a9cd6cc elementor-section-height-min-height elementor-section-items-stretch elementor-section-content-top elementor-section-boxed elementor-section-height-default\" data-id=\"a9cd6cc\" data-element_type=\"section\" data-e-type=\"section\" data-settings=\"{&quot;background_background&quot;:&quot;classic&quot;}\">\n\t\t\t\t\t\t\t<div class=\"elementor-background-overlay\"><\/div>\n\t\t\t\t\t\t\t<div class=\"elementor-container elementor-column-gap-extended\">\n\t\t\t\t\t<div class=\"elementor-column elementor-col-33 elementor-top-column elementor-element elementor-element-8dbd985\" data-id=\"8dbd985\" data-element_type=\"column\" data-e-type=\"column\">\n\t\t\t<div class=\"elementor-widget-wrap elementor-element-populated\">\n\t\t\t\t\t\t<div class=\"elementor-element elementor-element-bdea473 dce_masking-none elementor-widget elementor-widget-image\" data-id=\"bdea473\" data-element_type=\"widget\" data-e-type=\"widget\" data-widget_type=\"image.default\">\n\t\t\t\t<div class=\"elementor-widget-container\">\n\t\t\t\t\t\t\t\t\t\t\t\t\t\t\t<img decoding=\"async\" width=\"998\" height=\"998\" src=\"https:\/\/animashala.com\/wp-content\/uploads\/2024\/02\/628-e1714754242713.jpg\" class=\"attachment-full size-full wp-image-31\" alt=\"\" srcset=\"https:\/\/animashala.com\/wp-content\/uploads\/2024\/02\/628-e1714754242713.jpg 998w, https:\/\/animashala.com\/wp-content\/uploads\/2024\/02\/628-e1714754242713-300x300.jpg 300w, https:\/\/animashala.com\/wp-content\/uploads\/2024\/02\/628-e1714754242713-150x150.jpg 150w, https:\/\/animashala.com\/wp-content\/uploads\/2024\/02\/628-e1714754242713-768x768.jpg 768w, https:\/\/animashala.com\/wp-content\/uploads\/2024\/02\/628-e1714754242713-12x12.jpg 12w\" sizes=\"(max-width: 998px) 100vw, 998px\" \/>\t\t\t\t\t\t\t\t\t\t\t\t\t\t\t<\/div>\n\t\t\t\t<\/div>\n\t\t\t\t<div class=\"elementor-element elementor-element-f3be738 elementor-widget elementor-widget-heading\" data-id=\"f3be738\" data-element_type=\"widget\" data-e-type=\"widget\" data-widget_type=\"heading.default\">\n\t\t\t\t<div class=\"elementor-widget-container\">\n\t\t\t\t\t<h2 class=\"elementor-heading-title elementor-size-default\">Shakti Dance\u00ae<\/h2>\t\t\t\t<\/div>\n\t\t\t\t<\/div>\n\t\t\t\t<div class=\"elementor-element elementor-element-4de2600 elementor-widget elementor-widget-text-editor\" data-id=\"4de2600\" data-element_type=\"widget\" data-e-type=\"widget\" data-widget_type=\"text-editor.default\">\n\t\t\t\t<div class=\"elementor-widget-container\">\n\t\t\t\t\t\t\t\t\t<p><span style=\"font-weight: 400;\">Shakti Dance\u00ae \u00e8 una pratica meravigliosa che unisce i benefici dello Yoga con la creativit\u00e0 e la fluidit\u00e0 della Danza. <\/span><\/p>\t\t\t\t\t\t\t\t<\/div>\n\t\t\t\t<\/div>\n\t\t\t\t<div class=\"elementor-element elementor-element-fcf8688 elementor-align-center elementor-widget elementor-widget-button\" data-id=\"fcf8688\" data-element_type=\"widget\" data-e-type=\"widget\" data-widget_type=\"button.default\">\n\t\t\t\t<div class=\"elementor-widget-container\">\n\t\t\t\t\t\t\t\t\t<div class=\"elementor-button-wrapper\">\n\t\t\t\t\t<a class=\"elementor-button elementor-button-link elementor-size-sm\" href=\"https:\/\/animashala.com\/it\/shakti-dance\/\">\n\t\t\t\t\t\t<span class=\"elementor-button-content-wrapper\">\n\t\t\t\t\t\t\t\t\t<span class=\"elementor-button-text\">scopri di pi\u00f9<\/span>\n\t\t\t\t\t<\/span>\n\t\t\t\t\t<\/a>\n\t\t\t\t<\/div>\n\t\t\t\t\t\t\t\t<\/div>\n\t\t\t\t<\/div>\n\t\t\t\t\t<\/div>\n\t\t<\/div>\n\t\t\t\t<div class=\"elementor-column elementor-col-33 elementor-top-column elementor-element elementor-element-e9e0c6b\" data-id=\"e9e0c6b\" data-element_type=\"column\" data-e-type=\"column\">\n\t\t\t<div class=\"elementor-widget-wrap elementor-element-populated\">\n\t\t\t\t\t\t<div class=\"elementor-element elementor-element-3119ae4 dce_masking-none elementor-widget elementor-widget-image\" data-id=\"3119ae4\" data-element_type=\"widget\" data-e-type=\"widget\" data-widget_type=\"image.default\">\n\t\t\t\t<div class=\"elementor-widget-container\">\n\t\t\t\t\t\t\t\t\t\t\t\t\t\t\t<img loading=\"lazy\" decoding=\"async\" width=\"1000\" height=\"1000\" src=\"https:\/\/animashala.com\/wp-content\/uploads\/2024\/02\/1000109653-e1714754213949.jpg\" class=\"attachment-full size-full wp-image-57\" alt=\"\" srcset=\"https:\/\/animashala.com\/wp-content\/uploads\/2024\/02\/1000109653-e1714754213949.jpg 1000w, https:\/\/animashala.com\/wp-content\/uploads\/2024\/02\/1000109653-e1714754213949-300x300.jpg 300w, https:\/\/animashala.com\/wp-content\/uploads\/2024\/02\/1000109653-e1714754213949-150x150.jpg 150w, https:\/\/animashala.com\/wp-content\/uploads\/2024\/02\/1000109653-e1714754213949-768x768.jpg 768w, https:\/\/animashala.com\/wp-content\/uploads\/2024\/02\/1000109653-e1714754213949-12x12.jpg 12w\" sizes=\"(max-width: 1000px) 100vw, 1000px\" \/>\t\t\t\t\t\t\t\t\t\t\t\t\t\t\t<\/div>\n\t\t\t\t<\/div>\n\t\t\t\t<div class=\"elementor-element elementor-element-7b2b0f4 elementor-widget elementor-widget-heading\" data-id=\"7b2b0f4\" data-element_type=\"widget\" data-e-type=\"widget\" data-widget_type=\"heading.default\">\n\t\t\t\t<div class=\"elementor-widget-container\">\n\t\t\t\t\t<h2 class=\"elementor-heading-title elementor-size-default\">astrologia evolutiva<\/h2>\t\t\t\t<\/div>\n\t\t\t\t<\/div>\n\t\t\t\t<div class=\"elementor-element elementor-element-3d8626e elementor-widget elementor-widget-text-editor\" data-id=\"3d8626e\" data-element_type=\"widget\" data-e-type=\"widget\" data-widget_type=\"text-editor.default\">\n\t\t\t\t<div class=\"elementor-widget-container\">\n\t\t\t\t\t\t\t\t\t<p><span style=\"font-weight: 400;\">L&#039;Astrologia Immaginale \u00e8 una combinazione tra l&#039;Astrologia Evolutiva e la visione Immaginale Sciamanica.<\/span><\/p>\t\t\t\t\t\t\t\t<\/div>\n\t\t\t\t<\/div>\n\t\t\t\t<div class=\"elementor-element elementor-element-e1135b4 elementor-align-center elementor-widget elementor-widget-button\" data-id=\"e1135b4\" data-element_type=\"widget\" data-e-type=\"widget\" data-widget_type=\"button.default\">\n\t\t\t\t<div class=\"elementor-widget-container\">\n\t\t\t\t\t\t\t\t\t<div class=\"elementor-button-wrapper\">\n\t\t\t\t\t<a class=\"elementor-button elementor-button-link elementor-size-sm\" href=\"https:\/\/animashala.com\/it\/astrologia-evolutiva-imaginal\/\">\n\t\t\t\t\t\t<span class=\"elementor-button-content-wrapper\">\n\t\t\t\t\t\t\t\t\t<span class=\"elementor-button-text\">scopri di pi\u00f9<\/span>\n\t\t\t\t\t<\/span>\n\t\t\t\t\t<\/a>\n\t\t\t\t<\/div>\n\t\t\t\t\t\t\t\t<\/div>\n\t\t\t\t<\/div>\n\t\t\t\t\t<\/div>\n\t\t<\/div>\n\t\t\t\t<div class=\"elementor-column elementor-col-33 elementor-top-column elementor-element elementor-element-ede2c69\" data-id=\"ede2c69\" data-element_type=\"column\" data-e-type=\"column\">\n\t\t\t<div class=\"elementor-widget-wrap elementor-element-populated\">\n\t\t\t\t\t\t<div class=\"elementor-element elementor-element-3e5a004 dce_masking-none elementor-widget elementor-widget-image\" data-id=\"3e5a004\" data-element_type=\"widget\" data-e-type=\"widget\" data-widget_type=\"image.default\">\n\t\t\t\t<div class=\"elementor-widget-container\">\n\t\t\t\t\t\t\t\t\t\t\t\t\t\t\t<img loading=\"lazy\" decoding=\"async\" width=\"1000\" height=\"997\" src=\"https:\/\/animashala.com\/wp-content\/uploads\/2024\/02\/1000000887-e1714754162581.jpg\" class=\"attachment-full size-full wp-image-41\" alt=\"\" srcset=\"https:\/\/animashala.com\/wp-content\/uploads\/2024\/02\/1000000887-e1714754162581.jpg 1000w, https:\/\/animashala.com\/wp-content\/uploads\/2024\/02\/1000000887-e1714754162581-300x300.jpg 300w, https:\/\/animashala.com\/wp-content\/uploads\/2024\/02\/1000000887-e1714754162581-150x150.jpg 150w, https:\/\/animashala.com\/wp-content\/uploads\/2024\/02\/1000000887-e1714754162581-768x766.jpg 768w, https:\/\/animashala.com\/wp-content\/uploads\/2024\/02\/1000000887-e1714754162581-12x12.jpg 12w\" sizes=\"(max-width: 1000px) 100vw, 1000px\" \/>\t\t\t\t\t\t\t\t\t\t\t\t\t\t\t<\/div>\n\t\t\t\t<\/div>\n\t\t\t\t<div class=\"elementor-element elementor-element-7088c34 elementor-widget elementor-widget-heading\" data-id=\"7088c34\" data-element_type=\"widget\" data-e-type=\"widget\" data-widget_type=\"heading.default\">\n\t\t\t\t<div class=\"elementor-widget-container\">\n\t\t\t\t\t<h2 class=\"elementor-heading-title elementor-size-default\">Respirazione Alchemica<\/h2>\t\t\t\t<\/div>\n\t\t\t\t<\/div>\n\t\t\t\t<div class=\"elementor-element elementor-element-badd55e elementor-widget elementor-widget-text-editor\" data-id=\"badd55e\" data-element_type=\"widget\" data-e-type=\"widget\" data-widget_type=\"text-editor.default\">\n\t\t\t\t<div class=\"elementor-widget-container\">\n\t\t\t\t\t\t\t\t\t<p><span style=\"font-weight: 400;\">\u00c8 un potente strumento di Alchimia, cio\u00e8 di trasformazione che abbiamo sempre a nostra disposizione.<\/span><\/p>\t\t\t\t\t\t\t\t<\/div>\n\t\t\t\t<\/div>\n\t\t\t\t<div class=\"elementor-element elementor-element-eff32e4 elementor-align-center elementor-widget elementor-widget-button\" data-id=\"eff32e4\" data-element_type=\"widget\" data-e-type=\"widget\" data-widget_type=\"button.default\">\n\t\t\t\t<div class=\"elementor-widget-container\">\n\t\t\t\t\t\t\t\t\t<div class=\"elementor-button-wrapper\">\n\t\t\t\t\t<a class=\"elementor-button elementor-button-link elementor-size-sm\" href=\"https:\/\/animashala.com\/it\/respiracion-alquimica\/\">\n\t\t\t\t\t\t<span class=\"elementor-button-content-wrapper\">\n\t\t\t\t\t\t\t\t\t<span class=\"elementor-button-text\">scopri di pi\u00f9<\/span>\n\t\t\t\t\t<\/span>\n\t\t\t\t\t<\/a>\n\t\t\t\t<\/div>\n\t\t\t\t\t\t\t\t<\/div>\n\t\t\t\t<\/div>\n\t\t\t\t\t<\/div>\n\t\t<\/div>\n\t\t\t\t\t<\/div>\n\t\t<\/section>\n\t\t\t\t<\/div>","protected":false},"excerpt":{"rendered":"<p>Servizi di Yoga Sciamanico Lo Yoga dell&#039;Essenza. Libera e aumenta il potere creativo e immaginativo della tua anima attraverso lo Yoga Sciamanico, lo Yoga dell&#039;Essenza.  (Selene Calloni Williams). Continua a leggere.. Shakti Dance\u00ae Shakti Dance\u00ae \u00e8 una pratica meravigliosa che unisce i benefici dello Yoga con la creativit\u00e0 e la fluidit\u00e0 della Danza. Conosci [\u2026]<\/p>","protected":false},"author":1,"featured_media":0,"parent":0,"menu_order":0,"comment_status":"closed","ping_status":"closed","template":"","meta":{"_surecart_dashboard_logo_width":"180px","_surecart_dashboard_show_logo":true,"_surecart_dashboard_navigation_orders":true,"_surecart_dashboard_navigation_subscriptions":true,"_surecart_dashboard_navigation_downloads":true,"_surecart_dashboard_navigation_billing":true,"_surecart_dashboard_navigation_account":true,"footnotes":""},"class_list":["post-10","page","type-page","status-publish","hentry"],"_links":{"self":[{"href":"https:\/\/animashala.com\/it\/wp-json\/wp\/v2\/pages\/10","targetHints":{"allow":["GET"]}}],"collection":[{"href":"https:\/\/animashala.com\/it\/wp-json\/wp\/v2\/pages"}],"about":[{"href":"https:\/\/animashala.com\/it\/wp-json\/wp\/v2\/types\/page"}],"author":[{"embeddable":true,"href":"https:\/\/animashala.com\/it\/wp-json\/wp\/v2\/users\/1"}],"replies":[{"embeddable":true,"href":"https:\/\/animashala.com\/it\/wp-json\/wp\/v2\/comments?post=10"}],"version-history":[{"count":44,"href":"https:\/\/animashala.com\/it\/wp-json\/wp\/v2\/pages\/10\/revisions"}],"predecessor-version":[{"id":1485,"href":"https:\/\/animashala.com\/it\/wp-json\/wp\/v2\/pages\/10\/revisions\/1485"}],"wp:attachment":[{"href":"https:\/\/animashala.com\/it\/wp-json\/wp\/v2\/media?parent=10"}],"curies":[{"name":"wp","href":"https:\/\/api.w.org\/{rel}","templated":true}]}}